{"id":112,"date":"2024-12-02T09:52:56","date_gmt":"2024-12-02T08:52:56","guid":{"rendered":"https:\/\/lisa.orzechowski.formation-esiac.fr\/?page_id=112"},"modified":"2024-12-02T18:10:55","modified_gmt":"2024-12-02T17:10:55","slug":"mentions-legales","status":"publish","type":"page","link":"https:\/\/lisa.orzechowski.formation-esiac.fr\/index.php\/mentions-legales\/","title":{"rendered":"Mentions l\u00e9gales"},"content":{"rendered":"\n<div style=\"height:0px\" aria-hidden=\"true\" class=\"wp-block-spacer\"><\/div>\n\n\n\n<p class=\"has-roboto-font-family has-large-font-size\"><strong>\u00c9diteur du site <\/strong><\/p>\n\n\n\n<p class=\"has-roboto-font-family\" style=\"font-size:clamp(14px, 0.875rem + ((1vw - 3.2px) * 0.521), 19px);\">Nom : Lisa ORZECHOWSKI<br>Statut : Particulier<br>Contact : lorzechowski@cfai.formation-industries-pdl.fr<\/p>\n\n\n\n<p class=\"has-roboto-font-family has-large-font-size\"><strong>H\u00e9bergeur du site<\/strong><\/p>\n\n\n\n<p class=\"has-roboto-font-family\" style=\"font-size:clamp(14px, 0.875rem + ((1vw - 3.2px) * 0.521), 19px);\">Nom : OVH<br>T\u00e9l\u00e9phone : +33 (0)9 72 10 10 07<br>Site de l&#8217;h\u00e9bergeur : <a href=\"http:\/\/www.ovh.com\">www.ovh.com<\/a><\/p>\n\n\n\n<p class=\"has-roboto-font-family has-large-font-size\"><strong>Propri\u00e9t\u00e9 intellectuelle<\/strong><\/p>\n\n\n\n<p class=\"has-roboto-font-family\" style=\"font-size:clamp(14px, 0.875rem + ((1vw - 3.2px) * 0.521), 19px);\">L\u2019ensemble des \u00e9l\u00e9ments pr\u00e9sents sur ce site, incluant notamment les textes, images, graphismes, logos et vid\u00e9os, sont prot\u00e9g\u00e9s par les dispositions du Code de la propri\u00e9t\u00e9 intellectuelle.<br>Toute reproduction, repr\u00e9sentation, modification, publication ou adaptation, totale ou partielle, des \u00e9l\u00e9ments du site est strictement interdite, sauf autorisation \u00e9crite pr\u00e9alable de Kevin Drouet.<\/p>\n\n\n\n<p class=\"has-roboto-font-family has-large-font-size\"><strong>Absence de collecte de donn\u00e9es personnelles<\/strong><\/p>\n\n\n\n<p class=\"has-roboto-font-family\" style=\"font-size:clamp(14px, 0.875rem + ((1vw - 3.2px) * 0.521), 19px);\">Aucune donn\u00e9e personnelle n\u2019est collect\u00e9e via ce site.<\/p>\n\n\n\n<p class=\"has-roboto-font-family has-large-font-size\"><strong>Cookies<\/strong><\/p>\n\n\n\n<p class=\"has-roboto-font-family\" style=\"font-size:clamp(14px, 0.875rem + ((1vw - 3.2px) * 0.521), 19px);\">Ce site n\u2019utilise pas de cookies ni de technologies similaires visant \u00e0 collecter des donn\u00e9es sur les utilisateurs.<\/p>\n\n\n\n<p><\/p>\n\n\n\n<p><\/p>\n\n\n\n<p><\/p>\n\n\n\n<p><\/p>\n\n\n\n<p><\/p>\n\n\n\n<p><\/p>\n\n\n\n<p>\u00a9 2024 &#8211; Tous droits r\u00e9serv\u00e9s.<\/p>\n","protected":false},"excerpt":{"rendered":"<p>\u00c9diteur du site Nom : Lisa ORZECHOWSKIStatut : ParticulierContact : lorzechowski@cfai.formation-industries-pdl.fr H\u00e9bergeur du site Nom : OVHT\u00e9l\u00e9phone : +33 (0)9 72 10 10 07Site de l&#8217;h\u00e9bergeur : www.ovh.com Propri\u00e9t\u00e9 intellectuelle L\u2019ensemble des \u00e9l\u00e9ments pr\u00e9sents sur ce site, incluant notamment les textes, images, graphismes, logos et vid\u00e9os, sont prot\u00e9g\u00e9s par les dispositions du Code de la [&hellip;]<\/p>\n","protected":false},"author":1,"featured_media":0,"parent":0,"menu_order":0,"comment_status":"closed","ping_status":"closed","template":"","meta":{"footnotes":""},"class_list":["post-112","page","type-page","status-publish","hentry"],"_links":{"self":[{"href":"https:\/\/lisa.orzechowski.formation-esiac.fr\/index.php\/wp-json\/wp\/v2\/pages\/112","targetHints":{"allow":["GET"]}}],"collection":[{"href":"https:\/\/lisa.orzechowski.formation-esiac.fr\/index.php\/wp-json\/wp\/v2\/pages"}],"about":[{"href":"https:\/\/lisa.orzechowski.formation-esiac.fr\/index.php\/wp-json\/wp\/v2\/types\/page"}],"author":[{"embeddable":true,"href":"https:\/\/lisa.orzechowski.formation-esiac.fr\/index.php\/wp-json\/wp\/v2\/users\/1"}],"replies":[{"embeddable":true,"href":"https:\/\/lisa.orzechowski.formation-esiac.fr\/index.php\/wp-json\/wp\/v2\/comments?post=112"}],"version-history":[{"count":17,"href":"https:\/\/lisa.orzechowski.formation-esiac.fr\/index.php\/wp-json\/wp\/v2\/pages\/112\/revisions"}],"predecessor-version":[{"id":202,"href":"https:\/\/lisa.orzechowski.formation-esiac.fr\/index.php\/wp-json\/wp\/v2\/pages\/112\/revisions\/202"}],"wp:attachment":[{"href":"https:\/\/lisa.orzechowski.formation-esiac.fr\/index.php\/wp-json\/wp\/v2\/media?parent=112"}],"curies":[{"name":"wp","href":"https:\/\/api.w.org\/{rel}","templated":true}]}}