{"id":183,"date":"2024-12-02T13:12:20","date_gmt":"2024-12-02T12:12:20","guid":{"rendered":"https:\/\/lisa.orzechowski.formation-esiac.fr\/?page_id=183"},"modified":"2024-12-04T17:57:18","modified_gmt":"2024-12-04T16:57:18","slug":"mon-entreprise","status":"publish","type":"page","link":"https:\/\/lisa.orzechowski.formation-esiac.fr\/index.php\/mon-entreprise\/","title":{"rendered":"Mon entreprise"},"content":{"rendered":"\n<p class=\"has-text-align-center has-roboto-font-family\" style=\"font-size:clamp(16.293px, 1.018rem + ((1vw - 3.2px) * 0.907), 25px);\"><strong>Bayi Trucks<\/strong><\/p>\n\n\n\n<p class=\"has-roboto-font-family\" style=\"font-size:clamp(14px, 0.875rem + ((1vw - 3.2px) * 0.417), 18px);\">L\u2019entreprise Bayi Trucks, situ\u00e9e \u00e0 Alen\u00e7on, est une filiale du Groupe Bayi. Elle est sp\u00e9cialis\u00e9e dans la vente et l&#8217;entretien de camions et de v\u00e9hicules utilitaires.<br>Les activit\u00e9s principales de l\u2019entreprise sont la vente de v\u00e9hicules, l\u2019entretien et r\u00e9paration, la location de v\u00e9hicules et vente de pi\u00e8ces d\u00e9tach\u00e9es.<\/p>\n\n\n\n<figure class=\"wp-block-image size-large\"><img loading=\"lazy\" decoding=\"async\" width=\"1024\" height=\"576\" src=\"http:\/\/lisa.orzechowski.formation-esiac.fr\/wp-content\/uploads\/2024\/12\/Bayi-Trucks-Alencon-1024x576.jpg\" alt=\"\" class=\"wp-image-209\" srcset=\"https:\/\/lisa.orzechowski.formation-esiac.fr\/wp-content\/uploads\/2024\/12\/Bayi-Trucks-Alencon-1024x576.jpg 1024w, https:\/\/lisa.orzechowski.formation-esiac.fr\/wp-content\/uploads\/2024\/12\/Bayi-Trucks-Alencon-300x169.jpg 300w, https:\/\/lisa.orzechowski.formation-esiac.fr\/wp-content\/uploads\/2024\/12\/Bayi-Trucks-Alencon-768x432.jpg 768w, https:\/\/lisa.orzechowski.formation-esiac.fr\/wp-content\/uploads\/2024\/12\/Bayi-Trucks-Alencon.jpg 1280w\" sizes=\"auto, (max-width: 1024px) 100vw, 1024px\" \/><\/figure>\n\n\n\n<div class=\"wp-block-group is-layout-grid wp-container-core-group-is-layout-b757edec wp-block-group-is-layout-grid\">\n<figure class=\"wp-block-image size-full is-style-rounded wp-container-content-5e2576f9 is-style-rounded--1\"><a href=\"https:\/\/www.renault-trucks.fr\/dealer\/bayi-trucks-alencon-alencon-1460-030782\"><img loading=\"lazy\" decoding=\"async\" width=\"172\" height=\"172\" src=\"https:\/\/lisa.orzechowski.formation-esiac.fr\/wp-content\/uploads\/2024\/12\/Logo_Bayi_Trucks-edited.jpg\" alt=\"\" class=\"wp-image-215\" srcset=\"https:\/\/lisa.orzechowski.formation-esiac.fr\/wp-content\/uploads\/2024\/12\/Logo_Bayi_Trucks-edited.jpg 172w, https:\/\/lisa.orzechowski.formation-esiac.fr\/wp-content\/uploads\/2024\/12\/Logo_Bayi_Trucks-edited-150x150.jpg 150w\" sizes=\"auto, (max-width: 172px) 100vw, 172px\" \/><\/a><\/figure>\n\n\n\n<figure class=\"wp-block-image size-full is-style-rounded is-style-rounded--2\"><a href=\"https:\/\/www.bayi.fr\/\"><img loading=\"lazy\" decoding=\"async\" width=\"160\" height=\"140\" src=\"http:\/\/lisa.orzechowski.formation-esiac.fr\/wp-content\/uploads\/2024\/12\/Logo_Groupe_Bayi.png\" alt=\"\" class=\"wp-image-210\"\/><\/a><\/figure>\n<\/div>\n\n\n\n<p><\/p>\n","protected":false},"excerpt":{"rendered":"<p>Bayi Trucks L\u2019entreprise Bayi Trucks, situ\u00e9e \u00e0 Alen\u00e7on, est une filiale du Groupe Bayi. Elle est sp\u00e9cialis\u00e9e dans la vente et l&#8217;entretien de camions et de v\u00e9hicules utilitaires.Les activit\u00e9s principales de l\u2019entreprise sont la vente de v\u00e9hicules, l\u2019entretien et r\u00e9paration, la location de v\u00e9hicules et vente de pi\u00e8ces d\u00e9tach\u00e9es.<\/p>\n","protected":false},"author":1,"featured_media":0,"parent":0,"menu_order":0,"comment_status":"closed","ping_status":"closed","template":"","meta":{"footnotes":""},"class_list":["post-183","page","type-page","status-publish","hentry"],"_links":{"self":[{"href":"https:\/\/lisa.orzechowski.formation-esiac.fr\/index.php\/wp-json\/wp\/v2\/pages\/183","targetHints":{"allow":["GET"]}}],"collection":[{"href":"https:\/\/lisa.orzechowski.formation-esiac.fr\/index.php\/wp-json\/wp\/v2\/pages"}],"about":[{"href":"https:\/\/lisa.orzechowski.formation-esiac.fr\/index.php\/wp-json\/wp\/v2\/types\/page"}],"author":[{"embeddable":true,"href":"https:\/\/lisa.orzechowski.formation-esiac.fr\/index.php\/wp-json\/wp\/v2\/users\/1"}],"replies":[{"embeddable":true,"href":"https:\/\/lisa.orzechowski.formation-esiac.fr\/index.php\/wp-json\/wp\/v2\/comments?post=183"}],"version-history":[{"count":9,"href":"https:\/\/lisa.orzechowski.formation-esiac.fr\/index.php\/wp-json\/wp\/v2\/pages\/183\/revisions"}],"predecessor-version":[{"id":223,"href":"https:\/\/lisa.orzechowski.formation-esiac.fr\/index.php\/wp-json\/wp\/v2\/pages\/183\/revisions\/223"}],"wp:attachment":[{"href":"https:\/\/lisa.orzechowski.formation-esiac.fr\/index.php\/wp-json\/wp\/v2\/media?parent=183"}],"curies":[{"name":"wp","href":"https:\/\/api.w.org\/{rel}","templated":true}]}}